{"id":6045,"date":"2020-10-08T16:36:36","date_gmt":"2020-10-08T21:36:36","guid":{"rendered":"http:\/\/superpartes.mx\/empresa\/?page_id=6045"},"modified":"2020-10-09T11:35:04","modified_gmt":"2020-10-09T16:35:04","slug":"comprar-con-tarjeta","status":"publish","type":"page","link":"https:\/\/superpartes.mx\/empresa\/en\/comprar-con-tarjeta\/","title":{"rendered":"Using your card"},"content":{"rendered":"<div data-elementor-type=\"wp-page\" data-elementor-id=\"6045\" class=\"elementor elementor-6045\" data-elementor-post-type=\"page\">\n\t\t\t\t\t\t<section class=\"elementor-section elementor-top-section elementor-element elementor-element-f4b5a44 elementor-section-boxed elementor-section-height-default elementor-section-height-default\" data-id=\"f4b5a44\" data-element_type=\"section\" data-e-type=\"section\">\n\t\t\t\t\t\t<div class=\"elementor-container elementor-column-gap-default\">\n\t\t\t\t\t<div class=\"elementor-column elementor-col-100 elementor-top-column elementor-element elementor-element-7bae3bc\" data-id=\"7bae3bc\" data-element_type=\"column\" data-e-type=\"column\">\n\t\t\t<div class=\"elementor-widget-wrap elementor-element-populated\">\n\t\t\t\t\t\t<div class=\"elementor-element elementor-element-47be7f9 elementor-widget elementor-widget-heading\" data-id=\"47be7f9\" data-element_type=\"widget\" data-e-type=\"widget\" data-widget_type=\"heading.default\">\n\t\t\t\t<div class=\"elementor-widget-container\">\n\t\t\t\t\t<h2 class=\"elementor-heading-title elementor-size-default\">Our online store now accepts your card<\/h2>\t\t\t\t<\/div>\n\t\t\t\t<\/div>\n\t\t\t\t\t<\/div>\n\t\t<\/div>\n\t\t\t\t\t<\/div>\n\t\t<\/section>\n\t\t\t\t<section class=\"elementor-section elementor-top-section elementor-element elementor-element-4682945 elementor-section-boxed elementor-section-height-default elementor-section-height-default\" data-id=\"4682945\" data-element_type=\"section\" data-e-type=\"section\" data-settings=\"{&quot;background_background&quot;:&quot;classic&quot;}\">\n\t\t\t\t\t\t<div class=\"elementor-container elementor-column-gap-default\">\n\t\t\t\t\t<div class=\"elementor-column elementor-col-25 elementor-top-column elementor-element elementor-element-2dcf884\" data-id=\"2dcf884\" data-element_type=\"column\" data-e-type=\"column\">\n\t\t\t<div class=\"elementor-widget-wrap elementor-element-populated\">\n\t\t\t\t\t\t<div class=\"elementor-element elementor-element-4485904 elementor-widget elementor-widget-image\" data-id=\"4485904\" data-element_type=\"widget\" data-e-type=\"widget\" data-widget_type=\"image.default\">\n\t\t\t\t<div class=\"elementor-widget-container\">\n\t\t\t\t\t\t\t\t\t\t\t\t\t\t\t<img fetchpriority=\"high\" decoding=\"async\" width=\"300\" height=\"180\" src=\"https:\/\/superpartes.mx\/empresa\/wp-content\/uploads\/2020\/10\/MasterCard-300x180.png\" class=\"attachment-medium size-medium wp-image-6048\" alt=\"\" srcset=\"https:\/\/superpartes.mx\/empresa\/wp-content\/uploads\/2020\/10\/MasterCard-300x180.png 300w, https:\/\/superpartes.mx\/empresa\/wp-content\/uploads\/2020\/10\/MasterCard-16x10.png 16w, https:\/\/superpartes.mx\/empresa\/wp-content\/uploads\/2020\/10\/MasterCard.png 411w\" sizes=\"(max-width: 300px) 100vw, 300px\" \/>\t\t\t\t\t\t\t\t\t\t\t\t\t\t\t<\/div>\n\t\t\t\t<\/div>\n\t\t\t\t\t<\/div>\n\t\t<\/div>\n\t\t\t\t<div class=\"elementor-column elementor-col-25 elementor-top-column elementor-element elementor-element-90fb15f\" data-id=\"90fb15f\" data-element_type=\"column\" data-e-type=\"column\">\n\t\t\t<div class=\"elementor-widget-wrap elementor-element-populated\">\n\t\t\t\t\t\t<div class=\"elementor-element elementor-element-1dd2f37 elementor-widget elementor-widget-image\" data-id=\"1dd2f37\" data-element_type=\"widget\" data-e-type=\"widget\" data-widget_type=\"image.default\">\n\t\t\t\t<div class=\"elementor-widget-container\">\n\t\t\t\t\t\t\t\t\t\t\t\t\t\t\t<img decoding=\"async\" width=\"300\" height=\"188\" src=\"https:\/\/superpartes.mx\/empresa\/wp-content\/uploads\/2020\/10\/Visa-300x188.png\" class=\"attachment-medium size-medium wp-image-6049\" alt=\"\" srcset=\"https:\/\/superpartes.mx\/empresa\/wp-content\/uploads\/2020\/10\/Visa-300x188.png 300w, https:\/\/superpartes.mx\/empresa\/wp-content\/uploads\/2020\/10\/Visa-16x10.png 16w, https:\/\/superpartes.mx\/empresa\/wp-content\/uploads\/2020\/10\/Visa.png 382w\" sizes=\"(max-width: 300px) 100vw, 300px\" \/>\t\t\t\t\t\t\t\t\t\t\t\t\t\t\t<\/div>\n\t\t\t\t<\/div>\n\t\t\t\t\t<\/div>\n\t\t<\/div>\n\t\t\t\t<div class=\"elementor-column elementor-col-25 elementor-top-column elementor-element elementor-element-19609f4\" data-id=\"19609f4\" data-element_type=\"column\" data-e-type=\"column\">\n\t\t\t<div class=\"elementor-widget-wrap elementor-element-populated\">\n\t\t\t\t\t\t<div class=\"elementor-element elementor-element-27eda8f elementor-widget elementor-widget-image\" data-id=\"27eda8f\" data-element_type=\"widget\" data-e-type=\"widget\" data-widget_type=\"image.default\">\n\t\t\t\t<div class=\"elementor-widget-container\">\n\t\t\t\t\t\t\t\t\t\t\t\t\t\t\t<img decoding=\"async\" width=\"300\" height=\"222\" src=\"https:\/\/superpartes.mx\/empresa\/wp-content\/uploads\/2020\/10\/AmericanExpress-300x222.png\" class=\"attachment-medium size-medium wp-image-6050\" alt=\"\" srcset=\"https:\/\/superpartes.mx\/empresa\/wp-content\/uploads\/2020\/10\/AmericanExpress-300x222.png 300w, https:\/\/superpartes.mx\/empresa\/wp-content\/uploads\/2020\/10\/AmericanExpress-16x12.png 16w, https:\/\/superpartes.mx\/empresa\/wp-content\/uploads\/2020\/10\/AmericanExpress.png 328w\" sizes=\"(max-width: 300px) 100vw, 300px\" \/>\t\t\t\t\t\t\t\t\t\t\t\t\t\t\t<\/div>\n\t\t\t\t<\/div>\n\t\t\t\t\t<\/div>\n\t\t<\/div>\n\t\t\t\t<div class=\"elementor-column elementor-col-25 elementor-top-column elementor-element elementor-element-c8e6208\" data-id=\"c8e6208\" data-element_type=\"column\" data-e-type=\"column\">\n\t\t\t<div class=\"elementor-widget-wrap elementor-element-populated\">\n\t\t\t\t\t\t<div class=\"elementor-element elementor-element-3f407c0 elementor-widget elementor-widget-image\" data-id=\"3f407c0\" data-element_type=\"widget\" data-e-type=\"widget\" data-widget_type=\"image.default\">\n\t\t\t\t<div class=\"elementor-widget-container\">\n\t\t\t\t\t\t\t\t\t\t\t\t\t\t\t<img loading=\"lazy\" decoding=\"async\" width=\"591\" height=\"238\" src=\"https:\/\/superpartes.mx\/empresa\/wp-content\/uploads\/2020\/10\/PayPal.png\" class=\"attachment-medium_large size-medium_large wp-image-6051\" alt=\"\" srcset=\"https:\/\/superpartes.mx\/empresa\/wp-content\/uploads\/2020\/10\/PayPal.png 591w, https:\/\/superpartes.mx\/empresa\/wp-content\/uploads\/2020\/10\/PayPal-300x121.png 300w, https:\/\/superpartes.mx\/empresa\/wp-content\/uploads\/2020\/10\/PayPal-16x6.png 16w\" sizes=\"(max-width: 591px) 100vw, 591px\" \/>\t\t\t\t\t\t\t\t\t\t\t\t\t\t\t<\/div>\n\t\t\t\t<\/div>\n\t\t\t\t\t<\/div>\n\t\t<\/div>\n\t\t\t\t\t<\/div>\n\t\t<\/section>\n\t\t\t\t<section class=\"elementor-section elementor-top-section elementor-element elementor-element-1f655e3 elementor-section-boxed elementor-section-height-default elementor-section-height-default\" data-id=\"1f655e3\" data-element_type=\"section\" data-e-type=\"section\">\n\t\t\t\t\t\t\t<div class=\"elementor-background-overlay\"><\/div>\n\t\t\t\t\t\t\t<div class=\"elementor-container elementor-column-gap-default\">\n\t\t\t\t\t<div class=\"elementor-column elementor-col-100 elementor-top-column elementor-element elementor-element-dfae770\" data-id=\"dfae770\" data-element_type=\"column\" data-e-type=\"column\">\n\t\t\t<div class=\"elementor-widget-wrap elementor-element-populated\">\n\t\t\t\t\t\t<div class=\"elementor-element elementor-element-26c869c elementor-widget elementor-widget-text-editor\" data-id=\"26c869c\" data-element_type=\"widget\" data-e-type=\"widget\" data-widget_type=\"text-editor.default\">\n\t\t\t\t<div class=\"elementor-widget-container\">\n\t\t\t\t\t\t\t\t\t<p><strong>You can make your purchases with your MasterCard, Visa or American Express credit or debit card; as well as a PayPal account<\/strong><\/p>\t\t\t\t\t\t\t\t<\/div>\n\t\t\t\t<\/div>\n\t\t\t\t\t<\/div>\n\t\t<\/div>\n\t\t\t\t\t<\/div>\n\t\t<\/section>\n\t\t\t\t<section class=\"elementor-section elementor-top-section elementor-element elementor-element-308f490 elementor-section-boxed elementor-section-height-default elementor-section-height-default\" data-id=\"308f490\" data-element_type=\"section\" data-e-type=\"section\">\n\t\t\t\t\t\t\t<div class=\"elementor-background-overlay\"><\/div>\n\t\t\t\t\t\t\t<div class=\"elementor-container elementor-column-gap-default\">\n\t\t\t\t\t<div class=\"elementor-column elementor-col-50 elementor-top-column elementor-element elementor-element-7734151\" data-id=\"7734151\" data-element_type=\"column\" data-e-type=\"column\">\n\t\t\t<div class=\"elementor-widget-wrap elementor-element-populated\">\n\t\t\t\t\t\t<div class=\"elementor-element elementor-element-dcc68eb elementor-widget elementor-widget-image\" data-id=\"dcc68eb\" data-element_type=\"widget\" data-e-type=\"widget\" data-widget_type=\"image.default\">\n\t\t\t\t<div class=\"elementor-widget-container\">\n\t\t\t\t\t\t\t\t\t\t\t\t\t\t\t<img loading=\"lazy\" decoding=\"async\" width=\"150\" height=\"150\" src=\"https:\/\/superpartes.mx\/empresa\/wp-content\/uploads\/2020\/10\/dinero_seguro-150x150.png\" class=\"attachment-thumbnail size-thumbnail wp-image-6054\" alt=\"\" srcset=\"https:\/\/superpartes.mx\/empresa\/wp-content\/uploads\/2020\/10\/dinero_seguro-150x150.png 150w, https:\/\/superpartes.mx\/empresa\/wp-content\/uploads\/2020\/10\/dinero_seguro-12x12.png 12w, https:\/\/superpartes.mx\/empresa\/wp-content\/uploads\/2020\/10\/dinero_seguro.png 171w\" sizes=\"(max-width: 150px) 100vw, 150px\" \/>\t\t\t\t\t\t\t\t\t\t\t\t\t\t\t<\/div>\n\t\t\t\t<\/div>\n\t\t\t\t\t<\/div>\n\t\t<\/div>\n\t\t\t\t<div class=\"elementor-column elementor-col-50 elementor-top-column elementor-element elementor-element-1b825ce\" data-id=\"1b825ce\" data-element_type=\"column\" data-e-type=\"column\">\n\t\t\t<div class=\"elementor-widget-wrap elementor-element-populated\">\n\t\t\t\t\t\t<div class=\"elementor-element elementor-element-8aed7a9 elementor-widget elementor-widget-text-editor\" data-id=\"8aed7a9\" data-element_type=\"widget\" data-e-type=\"widget\" data-widget_type=\"text-editor.default\">\n\t\t\t\t<div class=\"elementor-widget-container\">\n\t\t\t\t\t\t\t\t\t<p><strong>You will not lose your money<\/strong> - You will receive the items you ordered or we will refund you<\/p>\t\t\t\t\t\t\t\t<\/div>\n\t\t\t\t<\/div>\n\t\t\t\t\t<\/div>\n\t\t<\/div>\n\t\t\t\t\t<\/div>\n\t\t<\/section>\n\t\t\t\t<section class=\"elementor-section elementor-top-section elementor-element elementor-element-677c7aa elementor-section-boxed elementor-section-height-default elementor-section-height-default\" data-id=\"677c7aa\" data-element_type=\"section\" data-e-type=\"section\">\n\t\t\t\t\t\t\t<div class=\"elementor-background-overlay\"><\/div>\n\t\t\t\t\t\t\t<div class=\"elementor-container elementor-column-gap-default\">\n\t\t\t\t\t<div class=\"elementor-column elementor-col-50 elementor-top-column elementor-element elementor-element-0c10965\" data-id=\"0c10965\" data-element_type=\"column\" data-e-type=\"column\">\n\t\t\t<div class=\"elementor-widget-wrap elementor-element-populated\">\n\t\t\t\t\t\t<div class=\"elementor-element elementor-element-e1c1491 elementor-widget elementor-widget-image\" data-id=\"e1c1491\" data-element_type=\"widget\" data-e-type=\"widget\" data-widget_type=\"image.default\">\n\t\t\t\t<div class=\"elementor-widget-container\">\n\t\t\t\t\t\t\t\t\t\t\t\t\t\t\t<img loading=\"lazy\" decoding=\"async\" width=\"150\" height=\"150\" src=\"https:\/\/superpartes.mx\/empresa\/wp-content\/uploads\/2020\/10\/informacion_protegida-150x150.png\" class=\"attachment-thumbnail size-thumbnail wp-image-6055\" alt=\"\" srcset=\"https:\/\/superpartes.mx\/empresa\/wp-content\/uploads\/2020\/10\/informacion_protegida-150x150.png 150w, https:\/\/superpartes.mx\/empresa\/wp-content\/uploads\/2020\/10\/informacion_protegida-12x12.png 12w, https:\/\/superpartes.mx\/empresa\/wp-content\/uploads\/2020\/10\/informacion_protegida.png 171w\" sizes=\"(max-width: 150px) 100vw, 150px\" \/>\t\t\t\t\t\t\t\t\t\t\t\t\t\t\t<\/div>\n\t\t\t\t<\/div>\n\t\t\t\t\t<\/div>\n\t\t<\/div>\n\t\t\t\t<div class=\"elementor-column elementor-col-50 elementor-top-column elementor-element elementor-element-fdb8302\" data-id=\"fdb8302\" data-element_type=\"column\" data-e-type=\"column\">\n\t\t\t<div class=\"elementor-widget-wrap elementor-element-populated\">\n\t\t\t\t\t\t<div class=\"elementor-element elementor-element-bd87354 elementor-widget elementor-widget-text-editor\" data-id=\"bd87354\" data-element_type=\"widget\" data-e-type=\"widget\" data-widget_type=\"text-editor.default\">\n\t\t\t\t<div class=\"elementor-widget-container\">\n\t\t\t\t\t\t\t\t\t<p><strong>Your information is secure<\/strong> - Your card's data is safe with PayPal, the world's most trustworthy payment platform<\/p>\t\t\t\t\t\t\t\t<\/div>\n\t\t\t\t<\/div>\n\t\t\t\t\t<\/div>\n\t\t<\/div>\n\t\t\t\t\t<\/div>\n\t\t<\/section>\n\t\t\t\t<section class=\"elementor-section elementor-top-section elementor-element elementor-element-1e512b1 elementor-section-boxed elementor-section-height-default elementor-section-height-default\" data-id=\"1e512b1\" data-element_type=\"section\" data-e-type=\"section\">\n\t\t\t\t\t\t\t<div class=\"elementor-background-overlay\"><\/div>\n\t\t\t\t\t\t\t<div class=\"elementor-container elementor-column-gap-default\">\n\t\t\t\t\t<div class=\"elementor-column elementor-col-50 elementor-top-column elementor-element elementor-element-e351d9d\" data-id=\"e351d9d\" data-element_type=\"column\" data-e-type=\"column\">\n\t\t\t<div class=\"elementor-widget-wrap elementor-element-populated\">\n\t\t\t\t\t\t<div class=\"elementor-element elementor-element-f9d9160 elementor-widget elementor-widget-image\" data-id=\"f9d9160\" data-element_type=\"widget\" data-e-type=\"widget\" data-widget_type=\"image.default\">\n\t\t\t\t<div class=\"elementor-widget-container\">\n\t\t\t\t\t\t\t\t\t\t\t\t\t\t\t<img loading=\"lazy\" decoding=\"async\" width=\"150\" height=\"150\" src=\"https:\/\/superpartes.mx\/empresa\/wp-content\/uploads\/2020\/10\/tarjeta_lista-150x150.png\" class=\"attachment-thumbnail size-thumbnail wp-image-6056\" alt=\"\" srcset=\"https:\/\/superpartes.mx\/empresa\/wp-content\/uploads\/2020\/10\/tarjeta_lista-150x150.png 150w, https:\/\/superpartes.mx\/empresa\/wp-content\/uploads\/2020\/10\/tarjeta_lista-12x12.png 12w, https:\/\/superpartes.mx\/empresa\/wp-content\/uploads\/2020\/10\/tarjeta_lista.png 171w\" sizes=\"(max-width: 150px) 100vw, 150px\" \/>\t\t\t\t\t\t\t\t\t\t\t\t\t\t\t<\/div>\n\t\t\t\t<\/div>\n\t\t\t\t\t<\/div>\n\t\t<\/div>\n\t\t\t\t<div class=\"elementor-column elementor-col-50 elementor-top-column elementor-element elementor-element-98a0bd0\" data-id=\"98a0bd0\" data-element_type=\"column\" data-e-type=\"column\">\n\t\t\t<div class=\"elementor-widget-wrap elementor-element-populated\">\n\t\t\t\t\t\t<div class=\"elementor-element elementor-element-772b4c2 elementor-widget elementor-widget-text-editor\" data-id=\"772b4c2\" data-element_type=\"widget\" data-e-type=\"widget\" data-widget_type=\"text-editor.default\">\n\t\t\t\t<div class=\"elementor-widget-container\">\n\t\t\t\t\t\t\t\t\t<p><strong>Your card is ready for purchasing<\/strong> - No prior registration is required<\/p>\t\t\t\t\t\t\t\t<\/div>\n\t\t\t\t<\/div>\n\t\t\t\t\t<\/div>\n\t\t<\/div>\n\t\t\t\t\t<\/div>\n\t\t<\/section>\n\t\t\t\t<section class=\"elementor-section elementor-top-section elementor-element elementor-element-e473989 elementor-section-boxed elementor-section-height-default elementor-section-height-default\" data-id=\"e473989\" data-element_type=\"section\" data-e-type=\"section\">\n\t\t\t\t\t\t\t<div class=\"elementor-background-overlay\"><\/div>\n\t\t\t\t\t\t\t<div class=\"elementor-container elementor-column-gap-default\">\n\t\t\t\t\t<div class=\"elementor-column elementor-col-50 elementor-top-column elementor-element elementor-element-99ea94a\" data-id=\"99ea94a\" data-element_type=\"column\" data-e-type=\"column\">\n\t\t\t<div class=\"elementor-widget-wrap elementor-element-populated\">\n\t\t\t\t\t\t<div class=\"elementor-element elementor-element-457d4c7 elementor-widget elementor-widget-image\" data-id=\"457d4c7\" data-element_type=\"widget\" data-e-type=\"widget\" data-widget_type=\"image.default\">\n\t\t\t\t<div class=\"elementor-widget-container\">\n\t\t\t\t\t\t\t\t\t\t\t\t\t\t\t<img loading=\"lazy\" decoding=\"async\" width=\"150\" height=\"150\" src=\"https:\/\/superpartes.mx\/empresa\/wp-content\/uploads\/2020\/10\/Facil_usar-150x150.png\" class=\"attachment-thumbnail size-thumbnail wp-image-6057\" alt=\"\" srcset=\"https:\/\/superpartes.mx\/empresa\/wp-content\/uploads\/2020\/10\/Facil_usar-150x150.png 150w, https:\/\/superpartes.mx\/empresa\/wp-content\/uploads\/2020\/10\/Facil_usar-12x12.png 12w, https:\/\/superpartes.mx\/empresa\/wp-content\/uploads\/2020\/10\/Facil_usar.png 171w\" sizes=\"(max-width: 150px) 100vw, 150px\" \/>\t\t\t\t\t\t\t\t\t\t\t\t\t\t\t<\/div>\n\t\t\t\t<\/div>\n\t\t\t\t\t<\/div>\n\t\t<\/div>\n\t\t\t\t<div class=\"elementor-column elementor-col-50 elementor-top-column elementor-element elementor-element-dd9d680\" data-id=\"dd9d680\" data-element_type=\"column\" data-e-type=\"column\">\n\t\t\t<div class=\"elementor-widget-wrap elementor-element-populated\">\n\t\t\t\t\t\t<div class=\"elementor-element elementor-element-8054a83 elementor-widget elementor-widget-text-editor\" data-id=\"8054a83\" data-element_type=\"widget\" data-e-type=\"widget\" data-widget_type=\"text-editor.default\">\n\t\t\t\t<div class=\"elementor-widget-container\">\n\t\t\t\t\t\t\t\t\t<p><strong>Easy to use<\/strong> - When selecting your payment method we will guide you through the process<\/p>\t\t\t\t\t\t\t\t<\/div>\n\t\t\t\t<\/div>\n\t\t\t\t\t<\/div>\n\t\t<\/div>\n\t\t\t\t\t<\/div>\n\t\t<\/section>\n\t\t\t\t<section class=\"elementor-section elementor-top-section elementor-element elementor-element-496f0c8 elementor-section-boxed elementor-section-height-default elementor-section-height-default\" data-id=\"496f0c8\" data-element_type=\"section\" data-e-type=\"section\">\n\t\t\t\t\t\t\t<div class=\"elementor-background-overlay\"><\/div>\n\t\t\t\t\t\t\t<div class=\"elementor-container elementor-column-gap-default\">\n\t\t\t\t\t<div class=\"elementor-column elementor-col-100 elementor-top-column elementor-element elementor-element-a46d012\" data-id=\"a46d012\" data-element_type=\"column\" data-e-type=\"column\">\n\t\t\t<div class=\"elementor-widget-wrap elementor-element-populated\">\n\t\t\t\t\t\t<div class=\"elementor-element elementor-element-cd0ae24 elementor-widget elementor-widget-text-editor\" data-id=\"cd0ae24\" data-element_type=\"widget\" data-e-type=\"widget\" data-widget_type=\"text-editor.default\">\n\t\t\t\t<div class=\"elementor-widget-container\">\n\t\t\t\t\t\t\t\t\t<p class=\"MsoNormal\" style=\"margin-bottom: 0cm; line-height: normal;\"><b><span style=\"font-size: 12pt; font-family: Helvetica, sans-serif;\">Would you like to see an example on how to use your card?<\/span><\/b><\/p>\t\t\t\t\t\t\t\t<\/div>\n\t\t\t\t<\/div>\n\t\t\t\t\t<\/div>\n\t\t<\/div>\n\t\t\t\t\t<\/div>\n\t\t<\/section>\n\t\t\t\t<section class=\"elementor-section elementor-top-section elementor-element elementor-element-f68c070 elementor-section-boxed elementor-section-height-default elementor-section-height-default\" data-id=\"f68c070\" data-element_type=\"section\" data-e-type=\"section\">\n\t\t\t\t\t\t\t<div class=\"elementor-background-overlay\"><\/div>\n\t\t\t\t\t\t\t<div class=\"elementor-container elementor-column-gap-default\">\n\t\t\t\t\t<div class=\"elementor-column elementor-col-100 elementor-top-column elementor-element elementor-element-193dbf7\" data-id=\"193dbf7\" data-element_type=\"column\" data-e-type=\"column\">\n\t\t\t<div class=\"elementor-widget-wrap elementor-element-populated\">\n\t\t\t\t\t\t<div class=\"elementor-element elementor-element-8edeccb elementor-widget elementor-widget-text-editor\" data-id=\"8edeccb\" data-element_type=\"widget\" data-e-type=\"widget\" data-widget_type=\"text-editor.default\">\n\t\t\t\t<div class=\"elementor-widget-container\">\n\t\t\t\t\t\t\t\t\t<p>If you are visiting the store for the first time click <span style=\"text-decoration: underline; color: #0000ff;\"><strong><a style=\"color: #0000ff;\" href=\"http:\/\/superpartes.mx\/empresa\/en\/guias\/Guia%20para%20pagar%20con%20PayPal%20como%20invitado.pdf\/\">here<\/a><\/strong><\/span><\/p><p>If you already have an account with us click <span style=\"color: #0000ff;\"><strong><a style=\"color: #0000ff;\" href=\"http:\/\/superpartes.mx\/empresa\/en\/guias\/Guia%20para%20pagar%20con%20PayPal%20como%20cliente%20con%20clave.pdf\/\"><u>here<\/u><\/a><\/strong><\/span><\/p><p>Visit our <span style=\"text-decoration: underline;\"><strong><a href=\"https:\/\/superpartes.mx\/empresa\/en\/acceso2.php\/\"><span style=\"color: #0000ff;\">store here<\/span><\/a><\/strong> <\/span>where you may find more than 10,000 items at your disposition. In case you have any question you can contact us through <span style=\"text-decoration: underline;\"><span style=\"color: #0000ff;\"><strong><a style=\"color: #0000ff;\" href=\"http:\/\/superpartes.mx\/empresa\/en\/contacto\/\">WhatsApp<\/a><\/strong>, <strong><a style=\"color: #0000ff;\" href=\"http:\/\/superpartes.mx\/empresa\/en\/contacto\/\">Phone<\/a><\/strong><\/span><\/span> or <strong><a href=\"http:\/\/superpartes.mx\/empresa\/en\/contacto\/\"><span style=\"text-decoration: underline;\"><span style=\"color: #0000ff;\">E-mail<\/span><\/span><\/a><\/strong><span style=\"text-decoration: underline; color: #0000ff;\">.<\/span><\/p>\t\t\t\t\t\t\t\t<\/div>\n\t\t\t\t<\/div>\n\t\t\t\t\t<\/div>\n\t\t<\/div>\n\t\t\t\t\t<\/div>\n\t\t<\/section>\n\t\t\t\t<\/div>","protected":false},"excerpt":{"rendered":"<p>Nuestra tienda en l\u00ednea acepta su tarjeta Usted puede realizar sus compras con su tarjeta de cr\u00e9dito o de d\u00e9bito MasterCard, Visa y American Express as\u00ed como con una cuenta de PayPal No perder\u00e1 su dinero \u2013 Recibir\u00e1 la mercanc\u00eda que pidi\u00f3 o le reembolsaremos su dinero Su informaci\u00f3n est\u00e1 segura \u2013 Los datos de &#8230; <a title=\"Using your card\" class=\"read-more\" href=\"https:\/\/superpartes.mx\/empresa\/en\/comprar-con-tarjeta\/\" aria-label=\"Read more about Comprar con tarjeta\">Read more<\/a><\/p>","protected":false},"author":1,"featured_media":0,"parent":0,"menu_order":0,"comment_status":"closed","ping_status":"closed","template":"elementor_canvas","meta":{"_joinchat":{"telephone":"+523310883931"},"footnotes":""},"class_list":["post-6045","page","type-page","status-publish"],"_links":{"self":[{"href":"https:\/\/superpartes.mx\/empresa\/en\/wp-json\/wp\/v2\/pages\/6045","targetHints":{"allow":["GET"]}}],"collection":[{"href":"https:\/\/superpartes.mx\/empresa\/en\/wp-json\/wp\/v2\/pages"}],"about":[{"href":"https:\/\/superpartes.mx\/empresa\/en\/wp-json\/wp\/v2\/types\/page"}],"author":[{"embeddable":true,"href":"https:\/\/superpartes.mx\/empresa\/en\/wp-json\/wp\/v2\/users\/1"}],"replies":[{"embeddable":true,"href":"https:\/\/superpartes.mx\/empresa\/en\/wp-json\/wp\/v2\/comments?post=6045"}],"version-history":[{"count":6,"href":"https:\/\/superpartes.mx\/empresa\/en\/wp-json\/wp\/v2\/pages\/6045\/revisions"}],"predecessor-version":[{"id":6062,"href":"https:\/\/superpartes.mx\/empresa\/en\/wp-json\/wp\/v2\/pages\/6045\/revisions\/6062"}],"wp:attachment":[{"href":"https:\/\/superpartes.mx\/empresa\/en\/wp-json\/wp\/v2\/media?parent=6045"}],"curies":[{"name":"wp","href":"https:\/\/api.w.org\/{rel}","templated":true}]}}