{"id":343,"date":"2018-06-06T11:56:06","date_gmt":"2018-06-06T16:56:06","guid":{"rendered":"http:\/\/superpartes.mx\/empresa\/?page_id=343"},"modified":"2023-09-25T09:58:35","modified_gmt":"2023-09-25T15:58:35","slug":"politicas","status":"publish","type":"page","link":"https:\/\/superpartes.mx\/empresa\/en\/politicas\/","title":{"rendered":"Policies"},"content":{"rendered":"<div data-elementor-type=\"wp-page\" data-elementor-id=\"343\" class=\"elementor elementor-343\" data-elementor-post-type=\"page\">\n\t\t\t\t\t\t<section class=\"elementor-section elementor-top-section elementor-element elementor-element-16fb4029 elementor-section-boxed elementor-section-height-default elementor-section-height-default\" data-id=\"16fb4029\" data-element_type=\"section\" data-e-type=\"section\">\n\t\t\t\t\t\t<div class=\"elementor-container elementor-column-gap-default\">\n\t\t\t\t\t<div class=\"elementor-column elementor-col-100 elementor-top-column elementor-element elementor-element-75e63495\" data-id=\"75e63495\" data-element_type=\"column\" data-e-type=\"column\">\n\t\t\t<div class=\"elementor-widget-wrap elementor-element-populated\">\n\t\t\t\t\t\t<div class=\"elementor-element elementor-element-ee1c28e elementor-widget elementor-widget-text-editor\" data-id=\"ee1c28e\" data-element_type=\"widget\" data-e-type=\"widget\" data-widget_type=\"text-editor.default\">\n\t\t\t\t<div class=\"elementor-widget-container\">\n\t\t\t\t\t\t\t\t\t<h2>COMPANY POLICIES<\/h2><h2>Sales policies<\/h2><ul><li>Monto m\u00ednimo de facturaci\u00f3n de $300.00 D\u00f3lares + IVA.<\/li><li>Tiempo de embarque de m\u00e1ximo 48 horas h\u00e1biles despu\u00e9s de confirmaci\u00f3n de pedido.<\/li><li><span style=\"color: var( --e-global-color-text ); font-family: var( --e-global-typography-text-font-family ), Sans-serif; font-weight: var( --e-global-typography-text-font-weight );\">Every request for return of merchandise must be notified\u00a0<\/span>para que posteriormente nos sea retornada con flete pagado a domicilio y as\u00ed puedan ser revisadas las condiciones de la mercanc\u00eda y ya\u00a0 en caso de la aceptaci\u00f3n de la devoluci\u00f3n se generar\u00e1 su respectiva nota de cr\u00e9dito o la cancelaci\u00f3n de la factura seg\u00fan sea el caso.<\/li><\/ul>\t\t\t\t\t\t\t\t<\/div>\n\t\t\t\t<\/div>\n\t\t\t\t\t<\/div>\n\t\t<\/div>\n\t\t\t\t\t<\/div>\n\t\t<\/section>\n\t\t\t\t<\/div>","protected":false},"excerpt":{"rendered":"<p>POL\u00cdTICAS DE LA EMPRESA Pol\u00edticas de ventas Monto m\u00ednimo de facturaci\u00f3n de $300.00 D\u00f3lares + IVA. Tiempo de embarque de m\u00e1ximo 48 horas h\u00e1biles despu\u00e9s de confirmaci\u00f3n de pedido. Toda solicitud de devoluci\u00f3n de mercanc\u00eda deber\u00e1 ser notificada\u00a0para que posteriormente nos sea retornada con flete pagado a domicilio y as\u00ed puedan ser revisadas las condiciones &#8230; <a title=\"Policies\" class=\"read-more\" href=\"https:\/\/superpartes.mx\/empresa\/en\/politicas\/\" aria-label=\"Read more about Politicas\">Read more<\/a><\/p>","protected":false},"author":1,"featured_media":0,"parent":0,"menu_order":0,"comment_status":"closed","ping_status":"closed","template":"elementor_canvas","meta":{"_joinchat":[],"footnotes":""},"class_list":["post-343","page","type-page","status-publish"],"_links":{"self":[{"href":"https:\/\/superpartes.mx\/empresa\/en\/wp-json\/wp\/v2\/pages\/343","targetHints":{"allow":["GET"]}}],"collection":[{"href":"https:\/\/superpartes.mx\/empresa\/en\/wp-json\/wp\/v2\/pages"}],"about":[{"href":"https:\/\/superpartes.mx\/empresa\/en\/wp-json\/wp\/v2\/types\/page"}],"author":[{"embeddable":true,"href":"https:\/\/superpartes.mx\/empresa\/en\/wp-json\/wp\/v2\/users\/1"}],"replies":[{"embeddable":true,"href":"https:\/\/superpartes.mx\/empresa\/en\/wp-json\/wp\/v2\/comments?post=343"}],"version-history":[{"count":40,"href":"https:\/\/superpartes.mx\/empresa\/en\/wp-json\/wp\/v2\/pages\/343\/revisions"}],"predecessor-version":[{"id":6232,"href":"https:\/\/superpartes.mx\/empresa\/en\/wp-json\/wp\/v2\/pages\/343\/revisions\/6232"}],"wp:attachment":[{"href":"https:\/\/superpartes.mx\/empresa\/en\/wp-json\/wp\/v2\/media?parent=343"}],"curies":[{"name":"wp","href":"https:\/\/api.w.org\/{rel}","templated":true}]}}